{"id":1478,"date":"2025-11-25T15:36:31","date_gmt":"2025-11-25T12:36:31","guid":{"rendered":"https:\/\/millenniumfootballagency.com\/?page_id=1478"},"modified":"2026-02-27T18:29:35","modified_gmt":"2026-02-27T15:29:35","slug":"home","status":"publish","type":"page","link":"https:\/\/millenniumfootballagency.com\/es\/","title":{"rendered":"Home"},"content":{"rendered":"<div data-elementor-type=\"wp-page\" data-elementor-id=\"1478\" class=\"elementor elementor-1478\" data-elementor-post-type=\"page\">\n\t\t\t\t<div class=\"elementor-element elementor-element-20b4c83 e-con-full e-flex e-con e-parent\" data-id=\"20b4c83\" data-element_type=\"container\">\n\t\t\t\t<div class=\"elementor-element elementor-element-8ea9685 elementor-arrows-position-inside elementor-widget elementor-widget-n-carousel\" data-id=\"8ea9685\" data-element_type=\"widget\" data-settings=\"{&quot;carousel_items&quot;:[{&quot;slide_title&quot;:&quot;PADR\\u00c3O&quot;,&quot;_id&quot;:&quot;3bd7f50&quot;},{&quot;slide_title&quot;:&quot;millennium&quot;,&quot;_id&quot;:&quot;655d19f&quot;},{&quot;slide_title&quot;:&quot;show case&quot;,&quot;_id&quot;:&quot;c986597&quot;}],&quot;slides_to_show&quot;:&quot;1&quot;,&quot;image_spacing_custom&quot;:{&quot;unit&quot;:&quot;px&quot;,&quot;size&quot;:0,&quot;sizes&quot;:[]},&quot;slides_to_show_laptop&quot;:&quot;1&quot;,&quot;slides_to_show_tablet&quot;:&quot;1&quot;,&quot;slides_to_show_mobile&quot;:&quot;1&quot;,&quot;infinite&quot;:&quot;yes&quot;,&quot;speed&quot;:500,&quot;offset_sides&quot;:&quot;none&quot;,&quot;arrows&quot;:&quot;yes&quot;,&quot;image_spacing_custom_laptop&quot;:{&quot;unit&quot;:&quot;px&quot;,&quot;size&quot;:&quot;&quot;,&quot;sizes&quot;:[]},&quot;image_spacing_custom_tablet&quot;:{&quot;unit&quot;:&quot;px&quot;,&quot;size&quot;:&quot;&quot;,&quot;sizes&quot;:[]},&quot;image_spacing_custom_mobile&quot;:{&quot;unit&quot;:&quot;px&quot;,&quot;size&quot;:&quot;&quot;,&quot;sizes&quot;:[]}}\" data-widget_type=\"nested-carousel.default\">\n\t\t\t\t\t\t\t<div class=\"e-n-carousel swiper\" role=\"region\" aria-roledescription=\"carousel\" aria-label=\"Carousel\" dir=\"ltr\">\n\t\t\t<div class=\"swiper-wrapper\" aria-live=\"polite\">\n\t\t\t\t\t\t\t\t\t\t<div class=\"swiper-slide\" data-slide=\"1\" role=\"group\" aria-roledescription=\"slide\" aria-label=\"1 of 3\">\n\t\t\t\t\t\t\t<div class=\"elementor-element elementor-element-d2ca9f8 e-flex e-con-boxed e-con e-child\" data-id=\"d2ca9f8\" data-element_type=\"container\">\n\t\t\t\t\t<div class=\"e-con-inner\">\n\t\t\t\t<div class=\"elementor-element elementor-element-df2d1e4 elementor-widget-laptop__width-initial gradient elementor-widget elementor-widget-heading\" data-id=\"df2d1e4\" data-element_type=\"widget\" data-widget_type=\"heading.default\">\n\t\t\t\t\t<h2 class=\"elementor-heading-title elementor-size-default\">Tu puerta de entrada al f\u00fatbol europeo.<\/h2>\t\t\t\t<\/div>\n\t\t\t\t<div class=\"elementor-element elementor-element-8f77b6a elementor-widget elementor-widget-text-editor\" data-id=\"8f77b6a\" data-element_type=\"widget\" data-widget_type=\"text-editor.default\">\n\t\t\t\t\t\t\t\t\t<p>Programas oficiales para evaluar, desarrollar y conectar a atletas con clubes en Europa.<\/p>\t\t\t\t\t\t\t\t<\/div>\n\t\t<div class=\"elementor-element elementor-element-9609b2c e-con-full e-flex e-con e-child\" data-id=\"9609b2c\" data-element_type=\"container\">\n\t\t\t\t<div class=\"elementor-element elementor-element-7a9d498 hover-topo elementor-widget elementor-widget-button\" data-id=\"7a9d498\" data-element_type=\"widget\" data-widget_type=\"button.default\">\n\t\t\t\t\t\t\t\t\t\t<a class=\"elementor-button elementor-button-link elementor-size-sm\" href=\"https:\/\/millenniumfootballagency.com\/es\/sobre\/\">\n\t\t\t\t\t\t<span class=\"elementor-button-content-wrapper\">\n\t\t\t\t\t\t\t\t\t<span class=\"elementor-button-text\">Quiero saber m\u00e1s<\/span>\n\t\t\t\t\t<\/span>\n\t\t\t\t\t<\/a>\n\t\t\t\t\t\t\t\t<\/div>\n\t\t\t\t<\/div>\n\t\t\t\t\t<\/div>\n\t\t\t\t<\/div>\n\t\t\t\t\t\t\t\t<\/div>\n\t\t\t\t\t\t\t\t\t\t\t<div class=\"swiper-slide\" data-slide=\"2\" role=\"group\" aria-roledescription=\"slide\" aria-label=\"2 of 3\">\n\t\t\t\t\t\t\t<div class=\"elementor-element elementor-element-6b7e9ff e-flex e-con-boxed e-con e-child\" data-id=\"6b7e9ff\" data-element_type=\"container\">\n\t\t\t\t\t<div class=\"e-con-inner\">\n\t\t\t\t<div class=\"elementor-element elementor-element-48527fa elementor-widget-laptop__width-initial gradient elementor-widget elementor-widget-heading\" data-id=\"48527fa\" data-element_type=\"widget\" data-widget_type=\"heading.default\">\n\t\t\t\t\t<h2 class=\"elementor-heading-title elementor-size-default\">Inscr\u00edbete al pr\u00f3ximo Campamento del Milenio 2026<\/h2>\t\t\t\t<\/div>\n\t\t\t\t<div class=\"elementor-element elementor-element-7e302fd elementor-widget elementor-widget-text-editor\" data-id=\"7e302fd\" data-element_type=\"widget\" data-widget_type=\"text-editor.default\">\n\t\t\t\t\t\t\t\t\t<p>Nuestro evento oficial de reclutamiento: 4 d\u00edas de entrenamiento de alto rendimiento, cuerpo t\u00e9cnico profesional, evaluaci\u00f3n y ofertas para atletas destacados. M\u00e1s de 200 atletas fueron enviados a Europa tras el campamento.<\/p>\t\t\t\t\t\t\t\t<\/div>\n\t\t<div class=\"elementor-element elementor-element-d975702 e-con-full e-flex e-con e-child\" data-id=\"d975702\" data-element_type=\"container\">\n\t\t\t\t<div class=\"elementor-element elementor-element-126bd72 hover-topo elementor-widget elementor-widget-button\" data-id=\"126bd72\" data-element_type=\"widget\" data-widget_type=\"button.default\">\n\t\t\t\t\t\t\t\t\t\t<a class=\"elementor-button elementor-button-link elementor-size-sm\" href=\"https:\/\/millenniumfootballagency.com\/es\/camp-2025\/\">\n\t\t\t\t\t\t<span class=\"elementor-button-content-wrapper\">\n\t\t\t\t\t\t\t\t\t<span class=\"elementor-button-text\">Reg\u00edstrate ahora<\/span>\n\t\t\t\t\t<\/span>\n\t\t\t\t\t<\/a>\n\t\t\t\t\t\t\t\t<\/div>\n\t\t\t\t<\/div>\n\t\t\t\t\t<\/div>\n\t\t\t\t<\/div>\n\t\t\t\t\t\t\t\t<\/div>\n\t\t\t\t\t\t\t\t\t\t\t<div class=\"swiper-slide\" data-slide=\"3\" role=\"group\" aria-roledescription=\"slide\" aria-label=\"3 of 3\">\n\t\t\t\t\t\t\t<div class=\"elementor-element elementor-element-a687322 e-flex e-con-boxed e-con e-child\" data-id=\"a687322\" data-element_type=\"container\">\n\t\t\t\t\t<div class=\"e-con-inner\">\n\t\t\t\t<div class=\"elementor-element elementor-element-6a0eb76 elementor-widget-laptop__width-initial gradient elementor-widget elementor-widget-heading\" data-id=\"6a0eb76\" data-element_type=\"widget\" data-widget_type=\"heading.default\">\n\t\t\t\t\t<h2 class=\"elementor-heading-title elementor-size-default\">Reg\u00edstrate para el pr\u00f3ximo Millennium Showcase 2026<\/h2>\t\t\t\t<\/div>\n\t\t\t\t<div class=\"elementor-element elementor-element-68493ad elementor-widget elementor-widget-text-editor\" data-id=\"68493ad\" data-element_type=\"widget\" data-widget_type=\"text-editor.default\">\n\t\t\t\t\t\t\t\t\t<p>Obt\u00e9n la evaluaci\u00f3n de m\u00e1s de 30 clubes asociados en nuestro evento de 30 d\u00edas en Croacia. M\u00e1s de 50 atletas ya han sido clasificados.<\/p>\t\t\t\t\t\t\t\t<\/div>\n\t\t<div class=\"elementor-element elementor-element-8a9dc25 e-con-full e-flex e-con e-child\" data-id=\"8a9dc25\" data-element_type=\"container\">\n\t\t\t\t<div class=\"elementor-element elementor-element-b3d9c9e hover-topo elementor-widget elementor-widget-button\" data-id=\"b3d9c9e\" data-element_type=\"widget\" data-widget_type=\"button.default\">\n\t\t\t\t\t\t\t\t\t\t<a class=\"elementor-button elementor-button-link elementor-size-sm\" href=\"https:\/\/millenniumfootballagency.com\/es\/show-case-pt\/\">\n\t\t\t\t\t\t<span class=\"elementor-button-content-wrapper\">\n\t\t\t\t\t\t\t\t\t<span class=\"elementor-button-text\">Reg\u00edstrate ahora<\/span>\n\t\t\t\t\t<\/span>\n\t\t\t\t\t<\/a>\n\t\t\t\t\t\t\t\t<\/div>\n\t\t\t\t<\/div>\n\t\t\t\t\t<\/div>\n\t\t\t\t<\/div>\n\t\t\t\t\t\t\t\t<\/div>\n\t\t\t\t\t\t\t\t<\/div>\n\t\t<\/div>\n\t\t\t\t\t<div class=\"elementor-swiper-button elementor-swiper-button-prev\" role=\"button\" tabindex=\"0\" aria-label=\"Previous\">\n\t\t\t\t<svg aria-hidden=\"true\" class=\"e-font-icon-svg e-fas-chevron-circle-left\" viewbox=\"0 0 512 512\" xmlns=\"http:\/\/www.w3.org\/2000\/svg\"><path d=\"M256 504C119 504 8 393 8 256S119 8 256 8s248 111 248 248-111 248-248 248zM142.1 273l135.5 135.5c9.4 9.4 24.6 9.4 33.9 0l17-17c9.4-9.4 9.4-24.6 0-33.9L226.9 256l101.6-101.6c9.4-9.4 9.4-24.6 0-33.9l-17-17c-9.4-9.4-24.6-9.4-33.9 0L142.1 239c-9.4 9.4-9.4 24.6 0 34z\"><\/path><\/svg>\t\t\t<\/div>\n\t\t\t<div class=\"elementor-swiper-button elementor-swiper-button-next\" role=\"button\" tabindex=\"0\" aria-label=\"Next\">\n\t\t\t\t<svg aria-hidden=\"true\" class=\"e-font-icon-svg e-fas-chevron-circle-right\" viewbox=\"0 0 512 512\" xmlns=\"http:\/\/www.w3.org\/2000\/svg\"><path d=\"M256 8c137 0 248 111 248 248S393 504 256 504 8 393 8 256 119 8 256 8zm113.9 231L234.4 103.5c-9.4-9.4-24.6-9.4-33.9 0l-17 17c-9.4 9.4-9.4 24.6 0 33.9L285.1 256 183.5 357.6c-9.4 9.4-9.4 24.6 0 33.9l17 17c9.4 9.4 24.6 9.4 33.9 0L369.9 273c9.4-9.4 9.4-24.6 0-34z\"><\/path><\/svg>\t\t\t<\/div>\n\t\t\t\t\t\t<\/div>\n\t\t\t\t<\/div>\n\t\t<div class=\"elementor-element elementor-element-f3931dd e-con-full e-flex e-con e-parent\" data-id=\"f3931dd\" data-element_type=\"container\">\n\t\t\t\t<div class=\"elementor-element elementor-element-dc2fc26 elementor-hidden-desktop elementor-hidden-laptop elementor-hidden-tablet elementor-widget elementor-widget-image\" data-id=\"dc2fc26\" data-element_type=\"widget\" data-widget_type=\"image.default\">\n\t\t\t\t\t\t\t\t\t\t\t\t\t\t\t<img fetchpriority=\"high\" decoding=\"async\" width=\"552\" height=\"151\" src=\"https:\/\/millenniumfootballagency.com\/wp-content\/uploads\/2025\/11\/15a8ce3e-899c-488d-9dcd-9b80d2c8cb02.webp\" class=\"attachment-full size-full wp-image-1438\" alt=\"\" srcset=\"https:\/\/millenniumfootballagency.com\/wp-content\/uploads\/2025\/11\/15a8ce3e-899c-488d-9dcd-9b80d2c8cb02.webp 552w, https:\/\/millenniumfootballagency.com\/wp-content\/uploads\/2025\/11\/15a8ce3e-899c-488d-9dcd-9b80d2c8cb02-300x82.webp 300w\" sizes=\"(max-width: 552px) 100vw, 552px\" \/>\t\t\t\t\t\t\t\t\t\t\t\t\t\t\t<\/div>\n\t\t\t\t<div class=\"elementor-element elementor-element-479c5d3 elementor-hidden-mobile elementor-widget elementor-widget-image\" data-id=\"479c5d3\" data-element_type=\"widget\" data-widget_type=\"image.default\">\n\t\t\t\t\t\t\t\t\t\t\t\t\t\t\t<img decoding=\"async\" width=\"1920\" height=\"151\" src=\"https:\/\/millenniumfootballagency.com\/wp-content\/uploads\/2025\/11\/divisor-desktop-1.webp\" class=\"attachment-full size-full wp-image-1437\" alt=\"\" srcset=\"https:\/\/millenniumfootballagency.com\/wp-content\/uploads\/2025\/11\/divisor-desktop-1.webp 1920w, https:\/\/millenniumfootballagency.com\/wp-content\/uploads\/2025\/11\/divisor-desktop-1-300x24.webp 300w, https:\/\/millenniumfootballagency.com\/wp-content\/uploads\/2025\/11\/divisor-desktop-1-1024x81.webp 1024w, https:\/\/millenniumfootballagency.com\/wp-content\/uploads\/2025\/11\/divisor-desktop-1-768x60.webp 768w, https:\/\/millenniumfootballagency.com\/wp-content\/uploads\/2025\/11\/divisor-desktop-1-1536x121.webp 1536w\" sizes=\"(max-width: 1920px) 100vw, 1920px\" \/>\t\t\t\t\t\t\t\t\t\t\t\t\t\t\t<\/div>\n\t\t\t\t<\/div>\n\t\t<div class=\"elementor-element elementor-element-990afc0 e-flex e-con-boxed e-con e-parent\" data-id=\"990afc0\" data-element_type=\"container\">\n\t\t\t\t\t<div class=\"e-con-inner\">\n\t\t\t\t<div class=\"elementor-element elementor-element-f62bc72 elementor-widget elementor-widget-heading\" data-id=\"f62bc72\" data-element_type=\"widget\" data-widget_type=\"heading.default\">\n\t\t\t\t\t<h2 class=\"elementor-heading-title elementor-size-default\">MILLENNIUM FOOTBALL AGENCY<\/h2>\t\t\t\t<\/div>\n\t\t\t\t<div class=\"elementor-element elementor-element-2ac8eb0 elementor-widget elementor-widget-heading\" data-id=\"2ac8eb0\" data-element_type=\"widget\" data-widget_type=\"heading.default\">\n\t\t\t\t\t<h2 class=\"elementor-heading-title elementor-size-default\">Sea evaluado por Millennium.<\/h2>\t\t\t\t<\/div>\n\t\t\t\t<div class=\"elementor-element elementor-element-945e115 elementor-widget elementor-widget-text-editor\" data-id=\"945e115\" data-element_type=\"widget\" data-widget_type=\"text-editor.default\">\n\t\t\t\t\t\t\t\t\t<p>\u00bfListo para dar el siguiente paso?<\/p>\t\t\t\t\t\t\t\t<\/div>\n\t\t<div class=\"elementor-element elementor-element-624f937 e-con-full e-flex e-con e-child\" data-id=\"624f937\" data-element_type=\"container\">\n\t\t\t\t<div class=\"elementor-element elementor-element-19903d3 hover-topo elementor-widget elementor-widget-button\" data-id=\"19903d3\" data-element_type=\"widget\" data-widget_type=\"button.default\">\n\t\t\t\t\t\t\t\t\t\t<a class=\"elementor-button elementor-button-link elementor-size-sm\" href=\"https:\/\/millenniumfootballagency.com\/es\/camp\/\">\n\t\t\t\t\t\t<span class=\"elementor-button-content-wrapper\">\n\t\t\t\t\t\t\t\t\t<span class=\"elementor-button-text\">Junte-se ao Millennium Camp<\/span>\n\t\t\t\t\t<\/span>\n\t\t\t\t\t<\/a>\n\t\t\t\t\t\t\t\t<\/div>\n\t\t\t\t<div class=\"elementor-element elementor-element-568b562 hover-topo elementor-widget elementor-widget-button\" data-id=\"568b562\" data-element_type=\"widget\" data-widget_type=\"button.default\">\n\t\t\t\t\t\t\t\t\t\t<a class=\"elementor-button elementor-button-link elementor-size-sm\" href=\"https:\/\/millenniumfootballagency.com\/es\/show-case-pt\/\">\n\t\t\t\t\t\t<span class=\"elementor-button-content-wrapper\">\n\t\t\t\t\t\t\t\t\t<span class=\"elementor-button-text\">Junte-se ao Millennium Showcase<\/span>\n\t\t\t\t\t<\/span>\n\t\t\t\t\t<\/a>\n\t\t\t\t\t\t\t\t<\/div>\n\t\t\t\t<\/div>\n\t\t\t\t\t<\/div>\n\t\t\t\t<\/div>\n\t\t<div class=\"elementor-element elementor-element-9e52c1c e-flex e-con-boxed e-con e-parent\" data-id=\"9e52c1c\" data-element_type=\"container\">\n\t\t\t\t\t<div class=\"e-con-inner\">\n\t\t\t\t<div class=\"elementor-element elementor-element-2472891 elementor-widget elementor-widget-html\" data-id=\"2472891\" data-element_type=\"widget\" data-widget_type=\"html.default\">\n\t\t\t\t\t<link rel=\"stylesheet\" href=\"https:\/\/unpkg.com\/lenis@1.1.18\/dist\/lenis.css\">\r\n<script defer src=\"https:\/\/unpkg.com\/lenis@1.1.18\/dist\/lenis.min.js\"><\/script>\r\n\r\n<script>\r\n    document.addEventListener('DOMContentLoaded', function () {\r\n        const lenis = new Lenis();\r\n\r\n        function raf(time) {\r\n            lenis.raf(time);\r\n            requestAnimationFrame(raf);\r\n        }\r\n\r\n        requestAnimationFrame(raf);\r\n    });\r\n<\/script>\t\t\t\t<\/div>\n\t\t\t\t\t<\/div>\n\t\t\t\t<\/div>\n\t\t\t\t<\/div>","protected":false},"excerpt":{"rendered":"<p>Sua porta de entrada para o futebol europeu. Programas oficiais de avalia\u00e7\u00e3o, desenvolvimento e conex\u00e3o de atletas com clubes da Europa. Quero saber mais iNSCREVA-SE no pr\u00f3ximo millennium camp 2026 Nosso evento de recrutamento oficial, 4 dias de alto rendimento, comiss\u00e3o t\u00e9cnica profissional, avalia\u00e7\u00e3o e ofertas para os atletas destaque. + de 200 atletas embarcados [&hellip;]<\/p>","protected":false},"author":1,"featured_media":0,"parent":0,"menu_order":0,"comment_status":"closed","ping_status":"closed","template":"elementor_header_footer","meta":{"footnotes":""},"class_list":["post-1478","page","type-page","status-publish","hentry"],"yoast_head":"<!-- This site is optimized with the Yoast SEO plugin v26.6 - https:\/\/yoast.com\/wordpress\/plugins\/seo\/ -->\n<title>Home - Millennium Football Agency<\/title>\n<meta name=\"robots\" content=\"index, follow, max-snippet:-1, max-image-preview:large, max-video-preview:-1\" \/>\n<link rel=\"canonical\" href=\"https:\/\/millenniumfootballagency.com\/es\/\" \/>\n<meta property=\"og:locale\" content=\"es_ES\" \/>\n<meta property=\"og:type\" content=\"article\" \/>\n<meta property=\"og:title\" content=\"Home - Millennium Football Agency\" \/>\n<meta property=\"og:description\" content=\"Sua porta de entrada para o futebol europeu. Programas oficiais de avalia\u00e7\u00e3o, desenvolvimento e conex\u00e3o de atletas com clubes da Europa. Quero saber mais iNSCREVA-SE no pr\u00f3ximo millennium camp 2026 Nosso evento de recrutamento oficial, 4 dias de alto rendimento, comiss\u00e3o t\u00e9cnica profissional, avalia\u00e7\u00e3o e ofertas para os atletas destaque. + de 200 atletas embarcados [&hellip;]\" \/>\n<meta property=\"og:url\" content=\"https:\/\/millenniumfootballagency.com\/es\/\" \/>\n<meta property=\"og:site_name\" content=\"Millennium Football Agency\" \/>\n<meta property=\"article:modified_time\" content=\"2026-02-27T15:29:35+00:00\" \/>\n<meta property=\"og:image\" content=\"https:\/\/millenniumfootballagency.com\/wp-content\/uploads\/2025\/11\/15a8ce3e-899c-488d-9dcd-9b80d2c8cb02.webp\" \/>\n\t<meta property=\"og:image:width\" content=\"552\" \/>\n\t<meta property=\"og:image:height\" content=\"151\" \/>\n\t<meta property=\"og:image:type\" content=\"image\/webp\" \/>\n<meta name=\"twitter:card\" content=\"summary_large_image\" \/>\n<meta name=\"twitter:label1\" content=\"Tiempo de lectura\" \/>\n\t<meta name=\"twitter:data1\" content=\"2 minutos\" \/>\n<script type=\"application\/ld+json\" class=\"yoast-schema-graph\">{\"@context\":\"https:\/\/schema.org\",\"@graph\":[{\"@type\":\"WebPage\",\"@id\":\"https:\/\/millenniumfootballagency.com\/\",\"url\":\"https:\/\/millenniumfootballagency.com\/\",\"name\":\"Home - Millennium Football Agency\",\"isPartOf\":{\"@id\":\"https:\/\/www.millenniumfootballagency.com\/#website\"},\"primaryImageOfPage\":{\"@id\":\"https:\/\/millenniumfootballagency.com\/#primaryimage\"},\"image\":{\"@id\":\"https:\/\/millenniumfootballagency.com\/#primaryimage\"},\"thumbnailUrl\":\"https:\/\/millenniumfootballagency.com\/wp-content\/uploads\/2025\/11\/15a8ce3e-899c-488d-9dcd-9b80d2c8cb02.webp\",\"datePublished\":\"2025-11-25T12:36:31+00:00\",\"dateModified\":\"2026-02-27T15:29:35+00:00\",\"breadcrumb\":{\"@id\":\"https:\/\/millenniumfootballagency.com\/#breadcrumb\"},\"inLanguage\":\"es\",\"potentialAction\":[{\"@type\":\"ReadAction\",\"target\":[\"https:\/\/millenniumfootballagency.com\/\"]}]},{\"@type\":\"ImageObject\",\"inLanguage\":\"es\",\"@id\":\"https:\/\/millenniumfootballagency.com\/#primaryimage\",\"url\":\"https:\/\/millenniumfootballagency.com\/wp-content\/uploads\/2025\/11\/15a8ce3e-899c-488d-9dcd-9b80d2c8cb02.webp\",\"contentUrl\":\"https:\/\/millenniumfootballagency.com\/wp-content\/uploads\/2025\/11\/15a8ce3e-899c-488d-9dcd-9b80d2c8cb02.webp\"},{\"@type\":\"BreadcrumbList\",\"@id\":\"https:\/\/millenniumfootballagency.com\/#breadcrumb\",\"itemListElement\":[{\"@type\":\"ListItem\",\"position\":1,\"name\":\"In\u00edcio\",\"item\":\"https:\/\/millenniumfootballagency.com\/\"},{\"@type\":\"ListItem\",\"position\":2,\"name\":\"Home\"}]},{\"@type\":\"WebSite\",\"@id\":\"https:\/\/www.millenniumfootballagency.com\/#website\",\"url\":\"https:\/\/www.millenniumfootballagency.com\/\",\"name\":\"Millennium Football Agency\",\"description\":\"VIVA O SONHO DE JOGAR NA EUROPA: 4 EM CADA 10 ATLETAS RECEBEM PROPOSTAS REAIS!\\u2028\",\"potentialAction\":[{\"@type\":\"SearchAction\",\"target\":{\"@type\":\"EntryPoint\",\"urlTemplate\":\"https:\/\/www.millenniumfootballagency.com\/?s={search_term_string}\"},\"query-input\":{\"@type\":\"PropertyValueSpecification\",\"valueRequired\":true,\"valueName\":\"search_term_string\"}}],\"inLanguage\":\"es\"}]}<\/script>\n<!-- \/ Yoast SEO plugin. -->","yoast_head_json":{"title":"Home - Millennium Football Agency","robots":{"index":"index","follow":"follow","max-snippet":"max-snippet:-1","max-image-preview":"max-image-preview:large","max-video-preview":"max-video-preview:-1"},"canonical":"https:\/\/millenniumfootballagency.com\/es\/","og_locale":"es_ES","og_type":"article","og_title":"Home - Millennium Football Agency","og_description":"Sua porta de entrada para o futebol europeu. Programas oficiais de avalia\u00e7\u00e3o, desenvolvimento e conex\u00e3o de atletas com clubes da Europa. Quero saber mais iNSCREVA-SE no pr\u00f3ximo millennium camp 2026 Nosso evento de recrutamento oficial, 4 dias de alto rendimento, comiss\u00e3o t\u00e9cnica profissional, avalia\u00e7\u00e3o e ofertas para os atletas destaque. + de 200 atletas embarcados [&hellip;]","og_url":"https:\/\/millenniumfootballagency.com\/es\/","og_site_name":"Millennium Football Agency","article_modified_time":"2026-02-27T15:29:35+00:00","og_image":[{"width":552,"height":151,"url":"https:\/\/millenniumfootballagency.com\/wp-content\/uploads\/2025\/11\/15a8ce3e-899c-488d-9dcd-9b80d2c8cb02.webp","type":"image\/webp"}],"twitter_card":"summary_large_image","twitter_misc":{"Tiempo de lectura":"2 minutos"},"schema":{"@context":"https:\/\/schema.org","@graph":[{"@type":"WebPage","@id":"https:\/\/millenniumfootballagency.com\/","url":"https:\/\/millenniumfootballagency.com\/","name":"Home - Millennium Football Agency","isPartOf":{"@id":"https:\/\/www.millenniumfootballagency.com\/#website"},"primaryImageOfPage":{"@id":"https:\/\/millenniumfootballagency.com\/#primaryimage"},"image":{"@id":"https:\/\/millenniumfootballagency.com\/#primaryimage"},"thumbnailUrl":"https:\/\/millenniumfootballagency.com\/wp-content\/uploads\/2025\/11\/15a8ce3e-899c-488d-9dcd-9b80d2c8cb02.webp","datePublished":"2025-11-25T12:36:31+00:00","dateModified":"2026-02-27T15:29:35+00:00","breadcrumb":{"@id":"https:\/\/millenniumfootballagency.com\/#breadcrumb"},"inLanguage":"es","potentialAction":[{"@type":"ReadAction","target":["https:\/\/millenniumfootballagency.com\/"]}]},{"@type":"ImageObject","inLanguage":"es","@id":"https:\/\/millenniumfootballagency.com\/#primaryimage","url":"https:\/\/millenniumfootballagency.com\/wp-content\/uploads\/2025\/11\/15a8ce3e-899c-488d-9dcd-9b80d2c8cb02.webp","contentUrl":"https:\/\/millenniumfootballagency.com\/wp-content\/uploads\/2025\/11\/15a8ce3e-899c-488d-9dcd-9b80d2c8cb02.webp"},{"@type":"BreadcrumbList","@id":"https:\/\/millenniumfootballagency.com\/#breadcrumb","itemListElement":[{"@type":"ListItem","position":1,"name":"In\u00edcio","item":"https:\/\/millenniumfootballagency.com\/"},{"@type":"ListItem","position":2,"name":"Home"}]},{"@type":"WebSite","@id":"https:\/\/www.millenniumfootballagency.com\/#website","url":"https:\/\/www.millenniumfootballagency.com\/","name":"Millennium Football Agency","description":"VIVA O SONHO DE JOGAR NA EUROPA: 4 EM CADA 10 ATLETAS RECEBEM PROPOSTAS REAIS!\u2028","potentialAction":[{"@type":"SearchAction","target":{"@type":"EntryPoint","urlTemplate":"https:\/\/www.millenniumfootballagency.com\/?s={search_term_string}"},"query-input":{"@type":"PropertyValueSpecification","valueRequired":true,"valueName":"search_term_string"}}],"inLanguage":"es"}]}},"_links":{"self":[{"href":"https:\/\/millenniumfootballagency.com\/es\/wp-json\/wp\/v2\/pages\/1478","targetHints":{"allow":["GET"]}}],"collection":[{"href":"https:\/\/millenniumfootballagency.com\/es\/wp-json\/wp\/v2\/pages"}],"about":[{"href":"https:\/\/millenniumfootballagency.com\/es\/wp-json\/wp\/v2\/types\/page"}],"author":[{"embeddable":true,"href":"https:\/\/millenniumfootballagency.com\/es\/wp-json\/wp\/v2\/users\/1"}],"replies":[{"embeddable":true,"href":"https:\/\/millenniumfootballagency.com\/es\/wp-json\/wp\/v2\/comments?post=1478"}],"version-history":[{"count":103,"href":"https:\/\/millenniumfootballagency.com\/es\/wp-json\/wp\/v2\/pages\/1478\/revisions"}],"predecessor-version":[{"id":1735,"href":"https:\/\/millenniumfootballagency.com\/es\/wp-json\/wp\/v2\/pages\/1478\/revisions\/1735"}],"wp:attachment":[{"href":"https:\/\/millenniumfootballagency.com\/es\/wp-json\/wp\/v2\/media?parent=1478"}],"curies":[{"name":"wp","href":"https:\/\/api.w.org\/{rel}","templated":true}]}}